{"id":5185,"date":"2017-08-19T18:31:42","date_gmt":"2017-08-19T16:31:42","guid":{"rendered":"http:\/\/globalroom.org\/?post_type=product&#038;p=5185"},"modified":"2017-08-19T18:32:00","modified_gmt":"2017-08-19T16:32:00","slug":"grabador-de-video","status":"publish","type":"product","link":"https:\/\/globalroom.org\/ca\/producte\/grabador-de-video\/","title":{"rendered":"Grabador de video"},"content":{"rendered":"<p>Grabaci\u00f3n directa al Hard Disk local en DV (resoluci\u00f3n SD) o en MJPEG, MagicYUV or CineForm Codec para la grabaci\u00f3n en FullHD Grabaci\u00f3n en HD con tarjeta Decklink MJPEG Encoder (cuando se utilizan las tarjetas Intensity\/Decklink) Grabaci\u00f3n directa en formato MPEG-2 (Program Stream o Transport Stream, tanto en SD como HD.) Grabaci\u00f3n y Sreaming en formato Windows Media. Grabaci\u00f3n en MP4 tanto en SD como HD. Grabaci\u00f3n en FFMPEG a diversos formatos incluyendo MPEG-2, MP4 and VC-3.<\/p>\n","protected":false},"excerpt":{"rendered":"<h6><em><strong>Grabe y guarde su sesi\u00f3n para usos futuros<\/strong><\/em><\/h6>\n<p>GlobalRoom incorpora un grabador multifuente de v\u00eddeo que registra en el disco duro del ordenador los contenidos tanto de las fuentes como de las salidas de programa en m\u00faltiples formatos.<\/p>\n","protected":false},"featured_media":5125,"comment_status":"closed","ping_status":"closed","template":"","meta":{"_monsterinsights_skip_tracking":false,"_monsterinsights_sitenote_active":false,"_monsterinsights_sitenote_note":"","_monsterinsights_sitenote_category":0},"translation":{"provider":"WPGlobus","version":"2.7.3","language":"ca","enabled_languages":["es","ca"],"languages":{"es":{"title":true,"content":true,"excerpt":true},"ca":{"title":false,"content":false,"excerpt":false}}},"_links":{"self":[{"href":"https:\/\/globalroom.org\/ca\/wp-json\/wp\/v2\/product\/5185"}],"collection":[{"href":"https:\/\/globalroom.org\/ca\/wp-json\/wp\/v2\/product"}],"about":[{"href":"https:\/\/globalroom.org\/ca\/wp-json\/wp\/v2\/types\/product"}],"replies":[{"embeddable":true,"href":"https:\/\/globalroom.org\/ca\/wp-json\/wp\/v2\/comments?post=5185"}],"wp:featuredmedia":[{"embeddable":true,"href":"https:\/\/globalroom.org\/ca\/wp-json\/wp\/v2\/media\/5125"}],"wp:attachment":[{"href":"https:\/\/globalroom.org\/ca\/wp-json\/wp\/v2\/media?parent=5185"}],"curies":[{"name":"wp","href":"https:\/\/api.w.org\/{rel}","templated":true}]}}