{"id":5182,"date":"2017-08-19T12:27:50","date_gmt":"2017-08-19T10:27:50","guid":{"rendered":"http:\/\/globalroom.org\/?post_type=product&#038;p=5182"},"modified":"2017-08-19T12:32:46","modified_gmt":"2017-08-19T10:32:46","slug":"salidas-de-video","status":"publish","type":"product","link":"https:\/\/globalroom.org\/ca\/producte\/salidas-de-video\/","title":{"rendered":"Salidas de video"},"content":{"rendered":"<style type=\"text\/css\"><!--td {border: 1px solid #ccc;}br {mso-data-placement:same-cell;}--><\/style>\n<p><span data-sheets-value=\"{&quot;1&quot;:2,&quot;2&quot;:&quot;Streaming en directo a cualquier proveedor de Streaming incluyendo Facebook Live, YouTube, Twitch, Ustream.\\nGrabaci\u00f3n directa en Full HD a AVI, MP4, MPEG-2 o WMV\\nSalidas de v\u00eddeo a trav\u00e9s de tarjetas AJA, Blackmagic y Bluefish para grabadores y monitores profesionales. Soporte de c\u00e1mara virtual para Streaming de terceros tales como Skype, Zoom, Google Hangouts y VLC.&quot;}\" data-sheets-userformat=\"{&quot;2&quot;:9025,&quot;3&quot;:[null,0],&quot;9&quot;:0,&quot;11&quot;:4,&quot;12&quot;:0,&quot;16&quot;:10}\">Streaming en directo a cualquier proveedor de Streaming incluyendo Facebook Live, YouTube, Twitch, Ustream.<br \/>\nGrabaci\u00f3n directa en Full HD a AVI, MP4, MPEG-2 o WMV<br \/>\nSalidas de v\u00eddeo a trav\u00e9s de tarjetas AJA, Blackmagic y Bluefish para grabadores y monitores profesionales. Soporte de c\u00e1mara virtual para Streaming de terceros tales como Skype, Zoom, Google Hangouts y VLC.<\/span><\/p>\n","protected":false},"excerpt":{"rendered":"<h6><strong><em>Llegue a audiencias globales emitiendo en directo y por streaming.\u00a0Mantenga videoconferencias con sus clientes en Skype u otras plataformas<\/em><\/strong><\/h6>\n<p>La flexibilidad de las salidas de v\u00eddeo de GlobalRoom permite su uso simult\u00e1neo tanto en entornos de producci\u00f3n de v\u00eddeo local (con salida el\u00e9ctrica mediante tarjetas en CVBS, SDI, HD-SDI, 3G-SDI, HDMI) como en producci\u00f3n en directo de Streaming por Internet (Webcasting), y en plataforma de videoconferencia on-line.<\/p>\n","protected":false},"featured_media":5078,"comment_status":"closed","ping_status":"closed","template":"","meta":{"_monsterinsights_skip_tracking":false,"_monsterinsights_sitenote_active":false,"_monsterinsights_sitenote_note":"","_monsterinsights_sitenote_category":0},"translation":{"provider":"WPGlobus","version":"2.7.3","language":"ca","enabled_languages":["es","ca"],"languages":{"es":{"title":true,"content":true,"excerpt":true},"ca":{"title":false,"content":false,"excerpt":false}}},"_links":{"self":[{"href":"https:\/\/globalroom.org\/ca\/wp-json\/wp\/v2\/product\/5182"}],"collection":[{"href":"https:\/\/globalroom.org\/ca\/wp-json\/wp\/v2\/product"}],"about":[{"href":"https:\/\/globalroom.org\/ca\/wp-json\/wp\/v2\/types\/product"}],"replies":[{"embeddable":true,"href":"https:\/\/globalroom.org\/ca\/wp-json\/wp\/v2\/comments?post=5182"}],"wp:featuredmedia":[{"embeddable":true,"href":"https:\/\/globalroom.org\/ca\/wp-json\/wp\/v2\/media\/5078"}],"wp:attachment":[{"href":"https:\/\/globalroom.org\/ca\/wp-json\/wp\/v2\/media?parent=5182"}],"curies":[{"name":"wp","href":"https:\/\/api.w.org\/{rel}","templated":true}]}}