{"id":5173,"date":"2017-08-19T11:49:54","date_gmt":"2017-08-19T09:49:54","guid":{"rendered":"http:\/\/globalroom.org\/?post_type=product&#038;p=5173"},"modified":"2017-08-19T12:19:59","modified_gmt":"2017-08-19T10:19:59","slug":"entradas-de-video","status":"publish","type":"product","link":"https:\/\/globalroom.org\/ca\/producte\/entradas-de-video\/","title":{"rendered":"Entradas de video"},"content":{"rendered":"<style type=\"text\/css\"><!--td {border: 1px solid #ccc;}br {mso-data-placement:same-cell;}--><\/style>\n<p><span data-sheets-value=\"{&quot;1&quot;:2,&quot;2&quot;:&quot;C\u00e1maras de v\u00eddeo - (4K, Full HD y SD) Webcams y tarjetas de captura. NDI.Archivos de v\u00eddeo AVI, MP4, H264, MPEG-2, WMV, MOV y MXF.\\nDVDs - Con men\u00fa de navegaci\u00f3n\\nArchivos de audio - MP3 y WAV\\nSoundCards, ASIO Audio Interfaces y audio de tarjeta de captura\\nVideo y Audio PlayLists - Navegador web, RTSP, PowerPoint, fotos, color s\u00f3lido&quot;}\" data-sheets-userformat=\"{&quot;2&quot;:9025,&quot;3&quot;:[null,0],&quot;9&quot;:0,&quot;11&quot;:4,&quot;12&quot;:0,&quot;16&quot;:10}\">C\u00e1maras de v\u00eddeo &#8211; (4K, Full HD y SD) Webcams y tarjetas de captura. NDI.Archivos de v\u00eddeo AVI, MP4, H264, MPEG-2, WMV, MOV y MXF.<br \/>\nDVDs &#8211; Con men\u00fa de navegaci\u00f3n<br \/>\nArchivos de audio &#8211; MP3 y WAV<br \/>\nSoundCards, ASIO Audio Interfaces y audio de tarjeta de captura<br \/>\nVideo y Audio PlayLists &#8211; Navegador web, RTSP, PowerPoint, fotos, color s\u00f3lido<\/span><\/p>\n","protected":false},"excerpt":{"rendered":"<h6><strong><em>Muestre producto, objetos de referencia y su espacio desde distintos \u00e1ngulos de visi\u00f3n<\/em> <\/strong><\/h6>\n<p>El sistema es capaz de aceptar y procesar simult\u00e1neamente m\u00faltiples fuentes de v\u00eddeo, ya sean c\u00e1maras locales, remotas o cualquier otro documento de cualquier ordenador conectado a la red (PPT, Im\u00e1genes, v\u00eddeos..) Esta extraordinaria capacidad permite realizar sofisticadas presentaciones y transmisiones en directo tanto localmente como por streaming.<\/p>\n","protected":false},"featured_media":5073,"comment_status":"closed","ping_status":"closed","template":"","meta":{"_monsterinsights_skip_tracking":false,"_monsterinsights_sitenote_active":false,"_monsterinsights_sitenote_note":"","_monsterinsights_sitenote_category":0},"translation":{"provider":"WPGlobus","version":"2.7.3","language":"ca","enabled_languages":["es","ca"],"languages":{"es":{"title":true,"content":true,"excerpt":true},"ca":{"title":false,"content":false,"excerpt":false}}},"_links":{"self":[{"href":"https:\/\/globalroom.org\/ca\/wp-json\/wp\/v2\/product\/5173"}],"collection":[{"href":"https:\/\/globalroom.org\/ca\/wp-json\/wp\/v2\/product"}],"about":[{"href":"https:\/\/globalroom.org\/ca\/wp-json\/wp\/v2\/types\/product"}],"replies":[{"embeddable":true,"href":"https:\/\/globalroom.org\/ca\/wp-json\/wp\/v2\/comments?post=5173"}],"wp:featuredmedia":[{"embeddable":true,"href":"https:\/\/globalroom.org\/ca\/wp-json\/wp\/v2\/media\/5073"}],"wp:attachment":[{"href":"https:\/\/globalroom.org\/ca\/wp-json\/wp\/v2\/media?parent=5173"}],"curies":[{"name":"wp","href":"https:\/\/api.w.org\/{rel}","templated":true}]}}