{"id":5975,"date":"2018-04-11T19:01:35","date_gmt":"2018-04-11T17:01:35","guid":{"rendered":"http:\/\/globalroom.org\/?page_id=5975"},"modified":"2021-09-22T11:49:04","modified_gmt":"2021-09-22T09:49:04","slug":"reservas-demo-y-alquiler-salas","status":"publish","type":"page","link":"https:\/\/globalroom.org\/ca\/reservas-demo-y-alquiler-salas\/","title":{"rendered":"Reserva Demo y Alquiler GlobalRoom Studio"},"content":{"rendered":"<p>[vc_row content_placement=&#8221;top&#8221; v_position=&#8221;top&#8221; css=&#8221;.vc_custom_1523441877066{background-position: center !important;background-repeat: no-repeat !important;background-size: contain !important;}&#8221;][vc_column width=&#8221;2\/3&#8243;][vc_cta h2=&#8221;&#8221;]<\/p>\n<h6 style=\"text-align: left;\"><\/h6>\n<h4 style=\"text-align: center;\"><b><img loading=\"lazy\" class=\"wp-image-5630 alignleft\" src=\"http:\/\/globalroom.org\/wp-content\/uploads\/2017\/10\/Logo-Global-Room-852x512px-300x180.png\" alt=\"\" width=\"195\" height=\"117\" srcset=\"https:\/\/globalroom.org\/wp-content\/uploads\/2017\/10\/Logo-Global-Room-852x512px-300x180.png 300w, https:\/\/globalroom.org\/wp-content\/uploads\/2017\/10\/Logo-Global-Room-852x512px-600x361.png 600w, https:\/\/globalroom.org\/wp-content\/uploads\/2017\/10\/Logo-Global-Room-852x512px-768x462.png 768w, https:\/\/globalroom.org\/wp-content\/uploads\/2017\/10\/Logo-Global-Room-852x512px.png 852w\" sizes=\"(max-width: 195px) 100vw, 195px\" \/><\/b><\/h4>\n<h4 style=\"text-align: center;\"><b><br \/>\n<span style=\"color: #3366ff;\">Hybrid Studio<br \/>\n<\/span><\/b><\/h4>\n<h5><\/h5>\n<h5 style=\"text-align: center;\"><b>Experimenta la mejor forma de comunicar a distancia y reserva tu demo ahora <\/b><\/h5>\n<h5 style=\"text-align: center;\"><b>Sin moverte de tu espacio, descubrir\u00e1s la experiencia GlobalRoom<br \/>\n<\/b><\/h5>\n<h6><img loading=\"lazy\" class=\"wp-image-5563 aligncenter\" src=\"https:\/\/globalroom.org\/wp-content\/uploads\/2017\/07\/1-300x78.jpg\" alt=\"formaci\u00f3n online\" width=\"965\" height=\"251\" srcset=\"https:\/\/globalroom.org\/wp-content\/uploads\/2017\/07\/1-300x78.jpg 300w, https:\/\/globalroom.org\/wp-content\/uploads\/2017\/07\/1-600x156.jpg 600w, https:\/\/globalroom.org\/wp-content\/uploads\/2017\/07\/1-768x200.jpg 768w, https:\/\/globalroom.org\/wp-content\/uploads\/2017\/07\/1-1024x267.jpg 1024w, https:\/\/globalroom.org\/wp-content\/uploads\/2017\/07\/1.jpg 1920w\" sizes=\"(max-width: 965px) 100vw, 965px\" \/><\/h6>\n<h6 style=\"text-align: center;\">\u00a0<span style=\"color: #3366ff;\"><b>\u00bfQu\u00e9 es GlobalRoom?<\/b><\/span><\/h6>\n<p>GlobalRoom transforma la comunicaci\u00f3n remota en una <strong>nueva experiencia enriquecida, atractiva e inspiradora<\/strong> que te asegurar\u00e1 el \u00e9xito en tus presentaciones y reuniones con personas o equipos de personas a distancia.<\/p>\n<p>GlobalRoom se basa en la misma tecnolog\u00eda que los estudios de televisi\u00f3n y transforma cualquier espacio f\u00edsico en un espacio de plena interacci\u00f3n humana entre personas alejadas. Es compatible con todas las aplicaciones de video-colaboraci\u00f3n popularmente utilizadas: Zoom, Teams, Google Meet, etc..<\/p>\n<h6><span style=\"color: #3366ff;\"><strong><img loading=\"lazy\" class=\"wp-image-5570 aligncenter\" src=\"https:\/\/globalroom.org\/wp-content\/uploads\/2017\/07\/9-300x78.jpg\" alt=\"comunicaci\u00f3n audiovisual\" width=\"965\" height=\"251\" srcset=\"https:\/\/globalroom.org\/wp-content\/uploads\/2017\/07\/9-300x78.jpg 300w, https:\/\/globalroom.org\/wp-content\/uploads\/2017\/07\/9-600x156.jpg 600w, https:\/\/globalroom.org\/wp-content\/uploads\/2017\/07\/9-768x200.jpg 768w, https:\/\/globalroom.org\/wp-content\/uploads\/2017\/07\/9-1024x267.jpg 1024w, https:\/\/globalroom.org\/wp-content\/uploads\/2017\/07\/9.jpg 1920w\" sizes=\"(max-width: 965px) 100vw, 965px\" \/><\/strong><\/span><\/h6>\n<h6 style=\"text-align: center;\"><span style=\"color: #3366ff;\"><strong>\u00bfQu\u00e9 te permite GlobalRoom?<\/strong><\/span><\/h6>\n<p>GlobalRoom rompe las barreras de la comunicaci\u00f3n habitual realizadas a trav\u00e9s de una webcam, mejorando la experiencia y relaci\u00f3n entre personas a distancia y resolviendo cualquier necesidad de video-colaboraci\u00f3n entre profesionales.<\/p>\n<p>GlobalRoom facilita enormemente la comunicaci\u00f3n audiovisual porque no solo conectas con las personas, sino que comunicas de forma efectiva si tienes que:<\/p>\n<ul>\n<li><span style=\"font-weight: 400;\">Generar y difundir <strong>contenidos relevantes<\/strong> de una forma profesional, simple y r\u00e1pida<\/span><\/li>\n<li><span style=\"font-weight: 400;\">Realizar videoconferencias para <strong>reuniones<\/strong> internas o externas <\/span><\/li>\n<li><span style=\"font-weight: 400;\">Impartir <strong><strong>formaci\u00f3n, webinars y masterclass<\/strong><\/strong><\/span><\/li>\n<li><span style=\"font-weight: 400;\">Realizar <strong>entrevistas<\/strong> y aplicaciones de RRHH<\/span><\/li>\n<li><span style=\"font-weight: 400;\">Inspirar, impactar, atraer y fidelizar a tus <strong>clientes<\/strong><\/span><\/li>\n<li><span style=\"font-weight: 400;\"><strong>Internacionalizar la empresa desde la oficina<\/strong>, ahorrando tiempo y costes en desplazamientos in\u00fatiles<\/span><\/li>\n<li><span style=\"font-weight: 400;\">Ofrecer sistemas de <strong>Simulaci\u00f3n<\/strong><\/span><\/li>\n<\/ul>\n<h6><span style=\"color: #3366ff;\"><img loading=\"lazy\" class=\"wp-image-5568 aligncenter\" src=\"https:\/\/globalroom.org\/wp-content\/uploads\/2017\/07\/7-300x78.jpg\" alt=\"comunicacion remota\" width=\"965\" height=\"251\" srcset=\"https:\/\/globalroom.org\/wp-content\/uploads\/2017\/07\/7-300x78.jpg 300w, https:\/\/globalroom.org\/wp-content\/uploads\/2017\/07\/7-600x156.jpg 600w, https:\/\/globalroom.org\/wp-content\/uploads\/2017\/07\/7-768x200.jpg 768w, https:\/\/globalroom.org\/wp-content\/uploads\/2017\/07\/7-1024x267.jpg 1024w, https:\/\/globalroom.org\/wp-content\/uploads\/2017\/07\/7.jpg 1920w\" sizes=\"(max-width: 965px) 100vw, 965px\" \/><\/span><\/h6>\n<h6 style=\"text-align: center;\"><span style=\"color: #3366ff;\">\u00bfA qui\u00e9n va dirigido GlobalRoom?<\/span><\/h6>\n<p>En el actual escenario de transformaci\u00f3n digital el uso de la video-colaboraci\u00f3n se ha revelado como un acelerador del proceso de cambio de la comunicaci\u00f3n humana. La <strong>inmediatez, la eficiencia y la reducci\u00f3n en los costes<\/strong> de desplazamiento han sido determinantes para abrazar esta transformaci\u00f3n digital. A diferencia de la videoconferencia convencional que utiliza solo una webcam, con GlobalRoom la comunicaci\u00f3n a distancia se vuelve mucho m\u00e1s enriquecida, amena y humana acercando la experiencia a la comunicaci\u00f3n presencial. Ante este escenario cualquier profesional que quiera comunicarse a distancia podr\u00e1 aprovechar las ventajas de usabilidad en la utilizaci\u00f3n de recursos como presentaciones en Power Point, videos, pizarras, presentaci\u00f3n de planos, etc. de forma amable y manteniendo la atenci\u00f3n de su audiencia.<\/p>\n<h6><span style=\"color: #3366ff;\"><strong><img loading=\"lazy\" class=\"wp-image-5571 aligncenter\" src=\"https:\/\/globalroom.org\/wp-content\/uploads\/2017\/07\/10-300x78.jpg\" alt=\"reuniones online\" width=\"965\" height=\"251\" srcset=\"https:\/\/globalroom.org\/wp-content\/uploads\/2017\/07\/10-300x78.jpg 300w, https:\/\/globalroom.org\/wp-content\/uploads\/2017\/07\/10-600x156.jpg 600w, https:\/\/globalroom.org\/wp-content\/uploads\/2017\/07\/10-768x200.jpg 768w, https:\/\/globalroom.org\/wp-content\/uploads\/2017\/07\/10-1024x267.jpg 1024w, https:\/\/globalroom.org\/wp-content\/uploads\/2017\/07\/10.jpg 1920w\" sizes=\"(max-width: 965px) 100vw, 965px\" \/><\/strong><\/span><\/h6>\n<h6 style=\"text-align: center;\"><span style=\"color: #3366ff;\">\u00bfQu\u00e9 servicios ofrecemos?<\/span><\/h6>\n<p>En funci\u00f3n de tus necesidades, GlobalRoom te ofrece:<\/p>\n<ul>\n<li><span style=\"font-weight: 400;\">Alquiler de\u00a0 sala <strong>GlobalRoom for Rent<\/strong> desde donde poder realizar tus presentaciones (actualmente disponible en Barcelona)<\/span><\/li>\n<li><span style=\"font-weight: 400;\">Instalaci\u00f3n de tu <strong>GlobalRoom Lite<\/strong>, si tus necesidades de comunicaci\u00f3n\/venta a distancia son frecuentes<\/span><\/li>\n<li><span style=\"font-weight: 400;\">Instalaci\u00f3n de tu <strong>GlobalRoom Business<\/strong>, si tus necesidades en la calidad de imagen y sonido de tus conexiones son relevantes<\/span><\/li>\n<li>Instalaci\u00f3n de tu <strong>GlobalRoom Pro, <\/strong>exclusivo para los sectores que requieran una calidad profesional<\/li>\n<\/ul>\n<h6><span style=\"color: #3366ff;\"><img loading=\"lazy\" class=\"wp-image-5565 aligncenter\" src=\"https:\/\/globalroom.org\/wp-content\/uploads\/2017\/07\/3-300x78.jpg\" alt=\"autoedicion audiovisual\" width=\"965\" height=\"251\" srcset=\"https:\/\/globalroom.org\/wp-content\/uploads\/2017\/07\/3-300x78.jpg 300w, https:\/\/globalroom.org\/wp-content\/uploads\/2017\/07\/3-600x156.jpg 600w, https:\/\/globalroom.org\/wp-content\/uploads\/2017\/07\/3-768x200.jpg 768w, https:\/\/globalroom.org\/wp-content\/uploads\/2017\/07\/3-1024x267.jpg 1024w, https:\/\/globalroom.org\/wp-content\/uploads\/2017\/07\/3.jpg 1920w\" sizes=\"(max-width: 965px) 100vw, 965px\" \/><\/span><\/h6>\n<h6 style=\"text-align: center;\"><span style=\"color: #3366ff;\">\u00bfTe atreves?<\/span><\/h6>\n<p>Descubre por t\u00ed mismo el potencial de GlobalRoom mediante una <b>demostraci\u00f3n remota<\/b> en la que experimentar\u00e1s las posibilidades que te ofrece esta <b>nueva forma de comunicar.<\/b><\/p>\n<h5 style=\"text-align: center;\"><span style=\"color: #3366ff;\"><strong>RESERVA TU DEMO PERSONALIZADA EN EL CALENDARIO ADJUNTO Y D\u00c9JATE SORPRENDER<br \/>\n<\/strong><\/span><\/h5>\n<h5 style=\"text-align: center;\"><span style=\"color: #000000;\"><b>www.globalroom.org<\/b><\/span><\/h5>\n<p>[\/vc_cta][\/vc_column][vc_column width=&#8221;1\/3&#8243; css=&#8221;.vc_custom_1523442718401{background-position: center !important;background-repeat: no-repeat !important;background-size: contain !important;}&#8221;][postgallery_image data_source=&#8221;data-9&#8243; images_attach=&#8221;5571,5570,5569,5568,5567,5566,5565,5564,5563,5451,5796&#8243; null=&#8221;&#8221; img_size=&#8221;large&#8221; image_fit=&#8221;contain&#8221; height=&#8221;120&#8243; content_type=&#8221;image&#8221; navigation=&#8221;disabled&#8221; class=&#8221;carrousel-landing&#8221; timeout=&#8221;3&#8243;][vc_raw_js]JTNDc2NyaXB0JTIwc3JjJTNEJTIyJTJGJTJGd2lkZ2V0LnNpbXBseWJvb2suaXQlMkZ2MiUyRndpZGdldCUyRndpZGdldC5qcyUyMiUzRSUzQyUyRnNjcmlwdCUzRSUwQSUzQ3NjcmlwdCUzRXZhciUyMHdpZGdldCUyMCUzRCUyMG5ldyUyMFNpbXBseWJvb2tXaWRnZXQlMjglN0IlMjJ3aWRnZXRfdHlwZSUyMiUzQSUyMmlmcmFtZSUyMiUyQyUyMnVybCUyMiUzQSUyMmh0dHBzJTNBJTVDJTJGJTVDJTJGZ2xvYmFscm9vbS5zaW1wbHlib29rLml0JTIyJTJDJTIydGhlbWUlMjIlM0ElMjJjbGFzc2ljJTIyJTJDJTIydGhlbWVfc2V0dGluZ3MlMjIlM0ElN0IlMjJ0aW1lbGluZV9oaWRlX3VuYXZhaWxhYmxlJTIyJTNBJTIyMCUyMiUyQyUyMnRpbWVsaW5lX3Nob3dfZW5kX3RpbWUlMjIlM0ElMjIwJTIyJTJDJTIydGltZWxpbmVfbW9kZXJuX2Rpc3BsYXklMjIlM0ElMjJhc19zbG90cyUyMiUyQyUyMnNiX2Jhc2VfY29sb3IlMjIlM0ElMjIlMjMxM2M5ZjclMjIlMkMlMjJkaXNwbGF5X2l0ZW1fbW9kZSUyMiUzQSUyMmJsb2NrJTIyJTJDJTIyYm9keV9iZ19jb2xvciUyMiUzQSUyMiUyM2ZkZmRmZCUyMiUyQyUyMnNiX3Jldmlld19pbWFnZSUyMiUzQSUyMiUyMiUyQyUyMnNiX2NvbXBhbnlfbGFiZWxfY29sb3IlMjIlM0ElMjIlMjNmZmZmZmYlMjIlMkMlMjJoaWRlX2ltZ19tb2RlJTIyJTNBJTIyMCUyMiUyQyUyMnNiX2J1c3klMjIlM0ElMjIlMjNkYWQyY2UlMjIlMkMlMjJzYl9hdmFpbGFibGUlMjIlM0ElMjIlMjNkM2UwZjElMjIlN0QlMkMlMjJ0aW1lbGluZSUyMiUzQSUyMm1vZGVybiUyMiUyQyUyMmRhdGVwaWNrZXIlMjIlM0ElMjJ0b3BfY2FsZW5kYXIlMjIlMkMlMjJpc19ydGwlMjIlM0FmYWxzZSUyQyUyMmFwcF9jb25maWclMjIlM0ElN0IlMjJhbGxvd19zd2l0Y2hfdG9fYWRhJTIyJTNBMCUyQyUyMnByZWRlZmluZWQlMjIlM0ElNUIlNUQlN0QlN0QlMjklM0IlM0MlMkZzY3JpcHQlM0U=[\/vc_raw_js][\/vc_column][\/vc_row]<\/p>\n","protected":false},"excerpt":{"rendered":"<p>[vc_row content_placement=&#8221;top&#8221; v_position=&#8221;top&#8221; css=&#8221;.vc_custom_1523441877066{background-position: center !important;background-repeat: no-repeat !important;background-size: contain !important;}&#8221;][vc_column width=&#8221;2\/3&#8243;][vc_cta h2=&#8221;&#8221;] Hybrid Studio Experimenta la mejor forma de comunicar a distancia y reserva tu demo ahora Sin moverte de tu espacio, descubrir\u00e1s la experiencia GlobalRoom \u00a0\u00bfQu\u00e9 es GlobalRoom? GlobalRoom transforma la comunicaci\u00f3n remota en una nueva experiencia enriquecida, atractiva e inspiradora que te asegurar\u00e1<a class=\"read-more\" href=\"https:\/\/globalroom.org\/ca\/reservas-demo-y-alquiler-salas\/\">Continue reading <i class=\"fa fa-angle-right fa-lg\"><\/i><\/a><\/p>\n","protected":false},"author":2,"featured_media":6034,"parent":0,"menu_order":0,"comment_status":"closed","ping_status":"closed","template":"","meta":{"_monsterinsights_skip_tracking":false,"_monsterinsights_sitenote_active":false,"_monsterinsights_sitenote_note":"","_monsterinsights_sitenote_category":0},"translation":{"provider":"WPGlobus","version":"2.7.3","language":"ca","enabled_languages":["es","ca"],"languages":{"es":{"title":true,"content":true,"excerpt":false},"ca":{"title":false,"content":true,"excerpt":false}}},"_links":{"self":[{"href":"https:\/\/globalroom.org\/ca\/wp-json\/wp\/v2\/pages\/5975"}],"collection":[{"href":"https:\/\/globalroom.org\/ca\/wp-json\/wp\/v2\/pages"}],"about":[{"href":"https:\/\/globalroom.org\/ca\/wp-json\/wp\/v2\/types\/page"}],"author":[{"embeddable":true,"href":"https:\/\/globalroom.org\/ca\/wp-json\/wp\/v2\/users\/2"}],"replies":[{"embeddable":true,"href":"https:\/\/globalroom.org\/ca\/wp-json\/wp\/v2\/comments?post=5975"}],"version-history":[{"count":39,"href":"https:\/\/globalroom.org\/ca\/wp-json\/wp\/v2\/pages\/5975\/revisions"}],"predecessor-version":[{"id":6545,"href":"https:\/\/globalroom.org\/ca\/wp-json\/wp\/v2\/pages\/5975\/revisions\/6545"}],"wp:featuredmedia":[{"embeddable":true,"href":"https:\/\/globalroom.org\/ca\/wp-json\/wp\/v2\/media\/6034"}],"wp:attachment":[{"href":"https:\/\/globalroom.org\/ca\/wp-json\/wp\/v2\/media?parent=5975"}],"curies":[{"name":"wp","href":"https:\/\/api.w.org\/{rel}","templated":true}]}}