{"id":5683,"date":"2017-10-20T18:03:43","date_gmt":"2017-10-20T16:03:43","guid":{"rendered":"http:\/\/globalroom.org\/?page_id=5683"},"modified":"2018-04-10T12:55:06","modified_gmt":"2018-04-10T10:55:06","slug":"medical-imaging3-landing","status":"publish","type":"page","link":"https:\/\/globalroom.org\/ca\/medical-imaging3-landing\/","title":{"rendered":"Medical Imaging3 Landing"},"content":{"rendered":"<p>[vc_row full_height=&#8221;full_row_height&#8221; equal_height=&#8221;yes&#8221; v_position=&#8221;top&#8221; css=&#8221;.vc_custom_1508688669228{background-image: url(http:\/\/globalroom.org\/wp-content\/uploads\/2017\/10\/Quir\u00f2fanlogo.jpg?id=5692) !important;background-position: center !important;background-repeat: no-repeat !important;background-size: cover !important;}&#8221;][vc_column width=&#8221;2\/3&#8243; css=&#8221;.vc_custom_1508519805607{margin-right: 40px !important;}&#8221;][vc_empty_space height=&#8221;270&#8243;][vc_row_inner][vc_column_inner][vc_cta h2=&#8221;&#8221; css=&#8221;.vc_custom_1508524513960{margin-top: 30px !important;background-color: rgba(255,255,255,0.74) !important;*background-color: rgb(255,255,255) !important;}&#8221;]<\/p>\n<h2 style=\"text-align: center;\"><strong><span style=\"color: #3366ff;\">En este quir\u00f3fano caben 400 alumnos<\/span><\/strong><\/h2>\n<h3><\/h3>\n<p>[\/vc_cta][\/vc_column_inner][\/vc_row_inner][rowshape type=&#8221;rowshape_6&#8243; position=&#8221;bottom&#8221; color=&#8221;#1e73be&#8221;][\/vc_column][vc_column width=&#8221;1\/3&#8243; css=&#8221;.vc_custom_1508516206911{margin-top: 300px !important;}&#8221;][\/vc_column][\/vc_row][vc_row css=&#8221;.vc_custom_1508521904450{background-color: #1e73be !important;}&#8221;][vc_column][vc_row_inner][vc_column_inner width=&#8221;2\/3&#8243;][vc_cta h2=&#8221;&#8221; css=&#8221;.vc_custom_1508754032796{background-color: rgba(255,255,255,0.78) !important;*background-color: rgb(255,255,255) !important;}&#8221;]<\/p>\n<h2 style=\"text-align: center;\"><span style=\"color: #ff0000;\">400 alumnos \u00f3 400.000! Un ilimitado n\u00famero.<\/span><\/h2>\n<h3 style=\"text-align: center;\"><span style=\"color: #ff0000;\"><br \/>\nTodos pueden seguir la intervenci\u00f3n con una experiencia similar a la realidad del quir\u00f3fano. Tambi\u00e9n pueden formular preguntas. Desde un aula anexa o desde cualquier parte del mundo.<\/span><\/h3>\n<h3><span style=\"color: #ff0000;\">Le invitamos a conocer c\u00f3mo transformar su quir\u00f3fano en una Aula de cirug\u00eda global.<\/span><\/h3>\n<h4><span style=\"font-weight: 400;\"><span style=\"color: #3366ff;\"><strong>Las soluciones GlobalRoom permiten:<\/strong><\/span><br \/>\n<\/span><\/h4>\n<style>\nol {padding-left: 80px;}<br \/><\/style>\n<style>\nul {padding-left: 80px;}<br \/><\/style>\n<ul>\n<li style=\"font-weight: 400;\">\n<h4><b>integrar todas las se\u00f1ales<\/b><span style=\"font-weight: 400;\"> de v\u00eddeo de un quir\u00f3fano <\/span><b>en una pantalla<\/b><\/h4>\n<\/li>\n<li style=\"font-weight: 400;\">\n<h4><b>seguir en directo<\/b><span style=\"font-weight: 400;\"> intervenciones quir\u00fargicas en auditorio o salas anexas o en todo el mundo a trav\u00e9s de Internet.<\/span><\/h4>\n<\/li>\n<li style=\"font-weight: 400;\">\n<h4><b>gestionar contenidos grabados o \u201cPortal de v\u00eddeo\u201d <\/b><span style=\"font-weight: 400;\">para docencia<\/span><\/h4>\n<\/li>\n<li style=\"font-weight: 400;\">\n<h4><b>gestionar<\/b><span style=\"font-weight: 400;\"> entornos de <\/span><b>simulaci\u00f3n m\u00e9dica<\/b><span style=\"font-weight: 400;\"> y debriefing<\/span><\/h4>\n<\/li>\n<li style=\"font-weight: 400;\">\n<h4><b>realizar<\/b> <b>atractivas presentaciones por internet<\/b><span style=\"font-weight: 400;\"> de informaci\u00f3n e im\u00e1genes m\u00e9dicas en entorno de sala de reuni\u00f3n.<\/span><\/h4>\n<\/li>\n<li style=\"font-weight: 400;\">\n<h4><b>Atender <\/b><span style=\"font-weight: 400;\">sesiones de <\/span><b>telemedicina <\/b><span style=\"font-weight: 400;\">y asistencia facultativa remota<\/span><\/h4>\n<\/li>\n<li style=\"font-weight: 400;\">\n<h4><b>transmitir video y audio desde ambulancias<\/b><span style=\"font-weight: 400;\"> para telediagn\u00f3stico previo en Urgencias<\/span><\/h4>\n<\/li>\n<\/ul>\n<h2 style=\"text-align: center;\"><span style=\"color: #ff0000;\">\u00bfA punto para saber m\u00e1s?<\/span><\/h2>\n<h4 style=\"text-align: center;\">D\u00e9jenos sus datos de contacto<\/h4>\n<p>[\/vc_cta][\/vc_column_inner][vc_column_inner width=&#8221;1\/3&#8243;][vc_raw_html]JTNDJTIxLS0lMjBOb3RlJTIwJTNBJTBBJTIwJTIwJTIwLSUyMFlvdSUyMGNhbiUyMG1vZGlmeSUyMHRoZSUyMGZvbnQlMjBzdHlsZSUyMGFuZCUyMGZvcm0lMjBzdHlsZSUyMHRvJTIwc3VpdCUyMHlvdXIlMjB3ZWJzaXRlLiUyMCUwQSUyMCUyMCUyMC0lMjBDb2RlJTIwbGluZXMlMjB3aXRoJTIwY29tbWVudHMlMjAlRUYlQkYlQkQlRUYlQkYlQkQlRUYlQkYlQkREbyUyMG5vdCUyMHJlbW92ZSUyMHRoaXMlMjBjb2RlJUVGJUJGJUJEJUVGJUJGJUJEJUVGJUJGJUJEJTIwJTIwYXJlJTIwcmVxdWlyZWQlMjBmb3IlMjB0aGUlMjBmb3JtJTIwdG8lMjB3b3JrJTIwcHJvcGVybHklMkMlMjBtYWtlJTIwc3VyZSUyMHRoYXQlMjB5b3UlMjBkbyUyMG5vdCUyMHJlbW92ZSUyMHRoZXNlJTIwbGluZXMlMjBvZiUyMGNvZGUuJTIwJTBBJTIwJTIwJTIwLSUyMFRoZSUyME1hbmRhdG9yeSUyMGNoZWNrJTIwc2NyaXB0JTIwY2FuJTIwbW9kaWZpZWQlMjBhcyUyMHRvJTIwc3VpdCUyMHlvdXIlMjBidXNpbmVzcyUyMG5lZWRzLiUyMCUwQSUyMCUyMCUyMC0lMjBJdCUyMGlzJTIwaW1wb3J0YW50JTIwdGhhdCUyMHlvdSUyMHRlc3QlMjB0aGUlMjBtb2RpZmllZCUyMGZvcm0lMjBiZWZvcmUlMjBnb2luZyUyMGxpdmUuJTBBJTIwJTIwJTIwLSUyMERvJTIwbm90JTIwcmVtb3ZlJTIwY2FwdGNoYSUyMGFuZCUyMG90aGVyJTIwZm9ybSUyMGVsZW1lbnRzJTIwdGhhdCUyMGFyZSUyMG5lY2Vzc2FyeSUyMGZvciUyMHRoZSUyMGZvcm0lMjB0byUyMHdvcmsuJTIwJTIwLS0lM0UlMEElM0NkaXYlMjBpZCUzRCUyN2NybVdlYlRvRW50aXR5Rm9ybSUyNyUyMHN0eWxlJTNEJTI3d2lkdGglM0E2MDBweCUzQm1hcmdpbiUzQWF1dG8lM0IlMjclM0UlMEElMjAlMjAlMjAlM0NNRVRBJTIwSFRUUC1FUVVJViUyMCUzRCUyN2NvbnRlbnQtdHlwZSUyNyUyMENPTlRFTlQlM0QlMjd0ZXh0JTJGaHRtbCUzQmNoYXJzZXQlM0RVVEYtOCUyNyUzRSUwQSUyMCUyMCUyMCUzQ2Zvcm0lMjBhY3Rpb24lM0QlMjdodHRwcyUzQSUyRiUyRmNybS56b2hvLmNvbSUyRmNybSUyRldlYlRvTGVhZEZvcm0lMjclMjBuYW1lJTNEV2ViVG9MZWFkczIwOTE1NTEwMDAwMDEwOTQxMzMlMjBtZXRob2QlM0QlMjdQT1NUJTI3JTIwb25TdWJtaXQlM0QlMjdqYXZhc2NyaXB0JTNBZG9jdW1lbnQuY2hhcnNldCUzRCUyMlVURi04JTIyJTNCJTIwcmV0dXJuJTIwY2hlY2tNYW5kYXRvcnklMjglMjklMjclMjBhY2NlcHQtY2hhcnNldCUzRCUyN1VURi04JTI3JTNFJTBBJTBBJTA5JTIwJTNDJTIxLS0lMjBEbyUyMG5vdCUyMHJlbW92ZSUyMHRoaXMlMjBjb2RlLiUyMC0tJTNFJTBBJTA5JTNDaW5wdXQlMjB0eXBlJTNEJTI3dGV4dCUyNyUyMHN0eWxlJTNEJTI3ZGlzcGxheSUzQW5vbmUlM0IlMjclMjBuYW1lJTNEJTI3eG5Rc2pzZHAlMjclMjB2YWx1ZSUzRCUyN2MxODk3MjMxN2YwNjFkZGI0NjRmN2RiMDBhNjlkNjJkNDE1YjVkNWRiNWFlOTk5ZjE2NmE2NDZkY2ZkZTA0YzklMjclMkYlM0UlMEElMDklM0NpbnB1dCUyMHR5cGUlM0QlMjdoaWRkZW4lMjclMjBuYW1lJTNEJTI3emNfZ2FkJTI3JTIwaWQlM0QlMjd6Y19nYWQlMjclMjB2YWx1ZSUzRCUyNyUyNyUyRiUzRSUwQSUwOSUzQ2lucHV0JTIwdHlwZSUzRCUyN3RleHQlMjclMjBzdHlsZSUzRCUyN2Rpc3BsYXklM0Fub25lJTNCJTI3JTIwbmFtZSUzRCUyN3htSXd0TEQlMjclMjB2YWx1ZSUzRCUyNzY0MzM4OThiYTkzMjcyODVmOThlMmQ5NDliMjhiMjU2MzM2MzI0YjRkNmJhYmZmMGYzYjI4ZmQ0NjUxZjQ4MjUlMjclMkYlM0UlMEElMDklM0NpbnB1dCUyMHR5cGUlM0QlMjd0ZXh0JTI3JTIwc3R5bGUlM0QlMjdkaXNwbGF5JTNBbm9uZSUzQiUyNyUyMCUyMG5hbWUlM0QlMjdhY3Rpb25UeXBlJTI3JTIwdmFsdWUlM0QlMjdUR1ZoWkhNJTNEJTI3JTJGJTNFJTBBJTBBJTA5JTNDaW5wdXQlMjB0eXBlJTNEJTI3dGV4dCUyNyUyMHN0eWxlJTNEJTI3ZGlzcGxheSUzQW5vbmUlM0IlMjclMjBuYW1lJTNEJTI3cmV0dXJuVVJMJTI3JTIwdmFsdWUlM0QlMjdodHRwJTI2JTIzeDNhJTNCJTI2JTIzeDJmJTNCJTI2JTIzeDJmJTNCd3d3Lmdsb2JhbHJvb20ub3JnJTI2JTIzeDJmJTNCZm9ybXVsYXJpby1lbnZpYWRvJTI3JTIwJTJGJTNFJTIwJTBBJTA5JTIwJTNDJTIxLS0lMjBEbyUyMG5vdCUyMHJlbW92ZSUyMHRoaXMlMjBjb2RlLiUyMC0tJTNFJTBBJTA5JTIwJTNDc3R5bGUlM0UlMEEudG9vbHRpcCUyMCU3QiUwQSUyMCUyMCUyMCUyMHBvc2l0aW9uJTNBJTIwcmVsYXRpdmUlM0IlMEElMjAlMjAlMjAlMjBkaXNwbGF5JTNBJTIwaW5saW5lLWJsb2NrJTNCJTBBJTIwJTIwJTIwJTIwYm9yZGVyLWJvdHRvbSUzQSUyMDFweCUyMGRvdHRlZCUyMGJsYWNrJTNCJTBBJTdEJTBBJTBBLnRvb2x0aXAlMjAudG9vbHRpcHRleHQlMjAlN0IlMEElMjAlMjAlMjAlMjB2aXNpYmlsaXR5JTNBJTIwaGlkZGVuJTNCJTBBJTIwJTIwJTIwJTIwd2lkdGglM0ElMjAxMjBweCUzQiUwQSUyMCUyMCUyMCUyMGJhY2tncm91bmQtY29sb3IlM0ElMjAlMjM1NTUlM0IlMEElMjAlMjAlMjAlMjBjb2xvciUzQSUyMCUyM2ZmZiUzQiUwQSUyMCUyMCUyMCUyMHRleHQtYWxpZ24lM0ElMjBjZW50ZXIlM0IlMEElMjAlMjAlMjAlMjBib3JkZXItcmFkaXVzJTNBJTIwNnB4JTNCJTBBJTIwJTIwJTIwJTIwcGFkZGluZyUzQSUyMDVweCUyMDAlM0IlMEElMjAlMjAlMjAlMjBwb3NpdGlvbiUzQSUyMGFic29sdXRlJTNCJTBBJTIwJTIwJTIwJTIwei1pbmRleCUzQSUyMDElM0IlMEElMjAlMjAlMjAlMjBib3R0b20lM0ElMjAxMjUlMjUlM0IlMEElMjAlMjAlMjAlMjBsZWZ0JTNBJTIwNTAlMjUlM0IlMEElMjAlMjAlMjAlMjBtYXJnaW4tbGVmdCUzQSUyMC02MHB4JTNCJTBBJTIwJTIwJTIwJTIwb3BhY2l0eSUzQSUyMDAlM0IlMEElMjAlMjAlMjAlMjB0cmFuc2l0aW9uJTNBJTIwb3BhY2l0eSUyMDFzJTNCJTBBJTdEJTBBJTBBLnRvb2x0aXAlMjAudG9vbHRpcHRleHQlM0ElM0FhZnRlciUyMCU3QiUwQSUyMCUyMCUyMCUyMGNvbnRlbnQlM0ElMjAlMjIlMjIlM0IlMEElMjAlMjAlMjAlMjBwb3NpdGlvbiUzQSUyMGFic29sdXRlJTNCJTBBJTIwJTIwJTIwJTIwdG9wJTNBJTIwMTAwJTI1JTNCJTBBJTIwJTIwJTIwJTIwbGVmdCUzQSUyMDUwJTI1JTNCJTBBJTIwJTIwJTIwJTIwbWFyZ2luLWxlZnQlM0ElMjAtNXB4JTNCJTBBJTIwJTIwJTIwJTIwYm9yZGVyLXdpZHRoJTNBJTIwNXB4JTNCJTBBJTIwJTIwJTIwJTIwYm9yZGVyLXN0eWxlJTNBJTIwc29saWQlM0IlMEElMjAlMjAlMjAlMjBib3JkZXItY29sb3IlM0ElMjAlMjM1NTUlMjB0cmFuc3BhcmVudCUyMHRyYW5zcGFyZW50JTIwdHJhbnNwYXJlbnQlM0IlMEElN0QlMEElMEEudG9vbHRpcCUzQWhvdmVyJTIwLnRvb2x0aXB0ZXh0JTIwJTdCJTBBJTIwJTIwJTIwJTIwdmlzaWJpbGl0eSUzQSUyMHZpc2libGUlM0IlMEElMjAlMjAlMjAlMjBvcGFjaXR5JTNBJTIwMSUzQiUwQSU3RCUwQSUzQyUyRnN0eWxlJTNFJTBBJTA5JTNDc3R5bGUlM0UlMEElMDklMDl0ciUyMCUyQyUyMHRkJTIwJTdCJTIwJTBBJTA5JTA5JTA5cGFkZGluZyUzQTZweCUzQiUwQSUwOSUwOSUwOWJvcmRlci1zcGFjaW5nJTNBMHB4JTNCJTBBJTA5JTA5JTA5Ym9yZGVyLXdpZHRoJTNBMHB4JTNCJTBBJTA5JTA5JTA5JTBBJTA5JTA5JTA5JTdEJTBBJTA5JTNDJTJGc3R5bGUlM0UlMEElMDklM0N0YWJsZSUyMHN0eWxlJTNEJTI3d2lkdGglM0EzNTBweCUzQmJhY2tncm91bmQtY29sb3IlM0F3aGl0ZSUzQmNvbG9yJTNBYmxhY2slM0IlMjclM0UlMEElMEElMDklM0N0ciUzRSUzQ3RkJTIwJTIwc3R5bGUlM0QlMjdub3dyYXAlM0Fub3dyYXAlM0J0ZXh0LWFsaWduJTNBbGVmdCUzQmZvbnQtc2l6ZSUzQTEycHglM0Jmb250LWZhbWlseSUzQUFyaWFsJTNCd2lkdGglM0ExMDBweCUzQiUyNyUzRU5vbWJyZSUzQ3NwYW4lMjBzdHlsZSUzRCUyN2NvbG9yJTNBcmVkJTNCJTI3JTNFJTJBJTNDJTJGc3BhbiUzRSUzQyUyRnRkJTNFJTNDdGQlMjBzdHlsZSUzRCUyN3dpZHRoJTNBMjUwcHglM0IlMjclMjAlM0UlM0NpbnB1dCUyMHR5cGUlM0QlMjd0ZXh0JTI3JTIwc3R5bGUlM0QlMjd3aWR0aCUzQTI1MHB4JTNCJTI3JTIwJTIwbWF4bGVuZ3RoJTNEJTI3NDAlMjclMjBuYW1lJTNEJTI3Rmlyc3QlMjBOYW1lJTI3JTIwJTJGJTNFJTNDJTJGdGQlM0UlM0MlMkZ0ciUzRSUwQSUwQSUwOSUzQ3RyJTNFJTNDdGQlMjAlMjBzdHlsZSUzRCUyN25vd3JhcCUzQW5vd3JhcCUzQnRleHQtYWxpZ24lM0FsZWZ0JTNCZm9udC1zaXplJTNBMTJweCUzQmZvbnQtZmFtaWx5JTNBQXJpYWwlM0J3aWR0aCUzQTEwMHB4JTNCJTI3JTNFQXBlbGxpZG9zJTNDc3BhbiUyMHN0eWxlJTNEJTI3Y29sb3IlM0FyZWQlM0IlMjclM0UlMkElM0MlMkZzcGFuJTNFJTNDJTJGdGQlM0UlM0N0ZCUyMHN0eWxlJTNEJTI3d2lkdGglM0EyNTBweCUzQiUyNyUyMCUzRSUzQ2lucHV0JTIwdHlwZSUzRCUyN3RleHQlMjclMjBzdHlsZSUzRCUyN3dpZHRoJTNBMjUwcHglM0IlMjclMjAlMjBtYXhsZW5ndGglM0QlMjc4MCUyNyUyMG5hbWUlM0QlMjdMYXN0JTIwTmFtZSUyNyUyMCUyRiUzRSUzQyUyRnRkJTNFJTNDJTJGdHIlM0UlMEElMEElMDklM0N0ciUzRSUzQ3RkJTIwJTIwc3R5bGUlM0QlMjdub3dyYXAlM0Fub3dyYXAlM0J0ZXh0LWFsaWduJTNBbGVmdCUzQmZvbnQtc2l6ZSUzQTEycHglM0Jmb250LWZhbWlseSUzQUFyaWFsJTNCd2lkdGglM0ExMDBweCUzQiUyNyUzRUVtcHJlc2ElM0NzcGFuJTIwc3R5bGUlM0QlMjdjb2xvciUzQXJlZCUzQiUyNyUzRSUyQSUzQyUyRnNwYW4lM0UlM0MlMkZ0ZCUzRSUzQ3RkJTIwc3R5bGUlM0QlMjd3aWR0aCUzQTI1MHB4JTNCJTI3JTIwJTNFJTNDaW5wdXQlMjB0eXBlJTNEJTI3dGV4dCUyNyUyMHN0eWxlJTNEJTI3d2lkdGglM0EyNTBweCUzQiUyNyUyMCUyMG1heGxlbmd0aCUzRCUyNzEwMCUyNyUyMG5hbWUlM0QlMjdDb21wYW55JTI3JTIwJTJGJTNFJTNDJTJGdGQlM0UlM0MlMkZ0ciUzRSUwQSUwQSUwOSUzQ3RyJTNFJTNDdGQlMjAlMjBzdHlsZSUzRCUyN25vd3JhcCUzQW5vd3JhcCUzQnRleHQtYWxpZ24lM0FsZWZ0JTNCZm9udC1zaXplJTNBMTJweCUzQmZvbnQtZmFtaWx5JTNBQXJpYWwlM0J3aWR0aCUzQTEwMHB4JTNCJTI3JTNFVGVsJTI2ZWFjdXRlJTNCZm9ubyUzQ3NwYW4lMjBzdHlsZSUzRCUyN2NvbG9yJTNBcmVkJTNCJTI3JTNFJTJBJTNDJTJGc3BhbiUzRSUzQyUyRnRkJTNFJTNDdGQlMjBzdHlsZSUzRCUyN3dpZHRoJTNBMjUwcHglM0IlMjclMjAlM0UlM0NpbnB1dCUyMHR5cGUlM0QlMjd0ZXh0JTI3JTIwc3R5bGUlM0QlMjd3aWR0aCUzQTI1MHB4JTNCJTI3JTIwJTIwbWF4bGVuZ3RoJTNEJTI3MzAlMjclMjBuYW1lJTNEJTI3UGhvbmUlMjclMjAlMkYlM0UlM0MlMkZ0ZCUzRSUzQyUyRnRyJTNFJTBBJTBBJTA5JTNDdHIlM0UlM0N0ZCUyMCUyMHN0eWxlJTNEJTI3bm93cmFwJTNBbm93cmFwJTNCdGV4dC1hbGlnbiUzQWxlZnQlM0Jmb250LXNpemUlM0ExMnB4JTNCZm9udC1mYW1pbHklM0FBcmlhbCUzQndpZHRoJTNBMTAwcHglM0IlMjclM0VFbWFpbCUzQ3NwYW4lMjBzdHlsZSUzRCUyN2NvbG9yJTNBcmVkJTNCJTI3JTNFJTJBJTNDJTJGc3BhbiUzRSUzQyUyRnRkJTNFJTNDdGQlMjBzdHlsZSUzRCUyN3dpZHRoJTNBMjUwcHglM0IlMjclMjAlM0UlM0NpbnB1dCUyMHR5cGUlM0QlMjd0ZXh0JTI3JTIwc3R5bGUlM0QlMjd3aWR0aCUzQTI1MHB4JTNCJTI3JTIwJTIwbWF4bGVuZ3RoJTNEJTI3MTAwJTI3JTIwbmFtZSUzRCUyN0VtYWlsJTI3JTIwJTJGJTNFJTNDJTJGdGQlM0UlM0MlMkZ0ciUzRSUwQSUwQSUwOSUzQ3RyJTNFJTNDdGQlMjAlMjBzdHlsZSUzRCUyN25vd3JhcCUzQW5vd3JhcCUzQnRleHQtYWxpZ24lM0FsZWZ0JTNCZm9udC1zaXplJTNBMTJweCUzQmZvbnQtZmFtaWx5JTNBQXJpYWwlM0J3aWR0aCUzQTEwMHB4JTNCJTI3JTNFSW50ZXJlc2FkJTI2JTIzeDQwJTNCJTIwZW4lM0ElM0NkaXYlMjBjbGFzcyUzRCUyMnRvb2x0aXAlMjIlM0UlMjglM0YlMjklMEElMjAlMjAlM0NzcGFuJTIwY2xhc3MlM0QlMjJ0b29sdGlwdGV4dCUyMiUzRVNlbGVjY2lvbmUlMjBhcGxpY2FjaW9uZXMlMjBkZSUyMGludGVyJTI2ZWFjdXRlJTNCcyUyMCUyNiUyM3gyOCUzQnRlY2xhJTIwQ1RSTCUyMHBhcmElMjBtJTI2YWFjdXRlJTNCcyUyMGRlJTIwdW5hJTI2JTIzeDI5JTNDJTJGc3BhbiUzRSUwQSUzQyUyRmRpdiUzRSUzQyUyRnRkJTNFJTNDdGQlMjBzdHlsZSUzRCUyN3dpZHRoJTNBMzMwcHglM0IlMjclM0UlMEElMDklMDklM0NzZWxlY3QlMjBzdHlsZSUzRCUyN3dpZHRoJTNBMzMwcHglM0IlMjclMjBuYW1lJTNEJTI3TEVBRENGMSUyNyUyMG11bHRpcGxlJTNFJTBBJTA5JTA5JTA5JTNDb3B0aW9uJTIwdmFsdWUlM0QlMjdJbnRlZ3JhY2klMjZvYWN1dGUlM0JuJTI2JTIzeDIwJTNCZGUlMjYlMjN4MjAlM0JzZSUyNm50aWxkZSUzQmFsZXMlMjYlMjN4MjAlM0JlbiUyNiUyM3gyMCUzQnBhbnRhbGxhJTI3JTNFSW50ZWdyYWNpJTI2b2FjdXRlJTNCbiUyMGRlJTIwc2UlMjZudGlsZGUlM0JhbGVzJTIwZW4lMjBwYW50YWxsYSUzQyUyRm9wdGlvbiUzRSUwQSUwOSUwOSUwOSUzQ29wdGlvbiUyMHZhbHVlJTNEJTI3U2VndWltaWVudG8lMjYlMjN4MjAlM0JlbiUyNiUyM3gyMCUzQmRpcmVjdG8lMjYlMjN4MjAlM0JkZSUyNiUyM3gyMCUzQmludGVydmVuY2lvbmVzJTI3JTNFU2VndWltaWVudG8lMjBlbiUyMGRpcmVjdG8lMjBkZSUyMGludGVydmVuY2lvbmVzJTNDJTJGb3B0aW9uJTNFJTBBJTA5JTA5JTA5JTNDb3B0aW9uJTIwdmFsdWUlM0QlMjdQb3J0YWwlMjYlMjN4MjAlM0JkZSUyNiUyM3gyMCUzQnYlMjZpYWN1dGUlM0JkZW9zJTI2JTIzeDIwJTNCcGFyYSUyNiUyM3gyMCUzQmRvY2VuY2lhJTI3JTNFUG9ydGFsJTIwZGUlMjB2JTI2aWFjdXRlJTNCZGVvcyUyMHBhcmElMjBkb2NlbmNpYSUzQyUyRm9wdGlvbiUzRSUwQSUwOSUwOSUwOSUzQ29wdGlvbiUyMHZhbHVlJTNEJTI3U2ltdWxhY2klMjZvYWN1dGUlM0JuJTI2JTIzeDIwJTNCbSUyNmVhY3V0ZSUzQmRpY2ElMjYlMjN4MjAlM0J5JTI2JTIzeDIwJTNCZGVicmllZmluZyUyNyUzRVNpbXVsYWNpJTI2b2FjdXRlJTNCbiUyMG0lMjZlYWN1dGUlM0JkaWNhJTIweSUyMGRlYnJpZWZpbmclM0MlMkZvcHRpb24lM0UlMEElMDklMDklMDklM0NvcHRpb24lMjB2YWx1ZSUzRCUyN1ByZXNlbnRhY2lvbmVzJTI2JTIzeDIwJTNCcGFyYSUyNiUyM3gyMCUzQnZpZGVvY29uZmVyZW5jaWFzJTI3JTNFUHJlc2VudGFjaW9uZXMlMjBwYXJhJTIwdmlkZW9jb25mZXJlbmNpYXMlM0MlMkZvcHRpb24lM0UlMEElMDklMDklMDklM0NvcHRpb24lMjB2YWx1ZSUzRCUyN0dlc3RpJTI2b2FjdXRlJTNCbiUyNiUyM3gyMCUzQkElMjYlMjN4MmYlM0JWJTI2JTIzeDIwJTNCcGFyYSUyNiUyM3gyMCUzQlRlbGVtZWRpY2luYSUyNyUzRUdlc3RpJTI2b2FjdXRlJTNCbiUyMEElMjYlMjN4MmYlM0JWJTIwcGFyYSUyMFRlbGVtZWRpY2luYSUzQyUyRm9wdGlvbiUzRSUwQSUwOSUwOSUwOSUzQ29wdGlvbiUyMHZhbHVlJTNEJTI3VHJhbnNtaXNpJTI2b2FjdXRlJTNCbiUyNiUyM3gyMCUzQm0lMjZvYWN1dGUlM0J2aWwlMjYlMjN4MjAlM0JkZXNkZSUyNiUyM3gyMCUzQmFtYnVsYW5jaWFzJTI3JTNFVHJhbnNtaXNpJTI2b2FjdXRlJTNCbiUyMG0lMjZvYWN1dGUlM0J2aWwlMjBkZXNkZSUyMGFtYnVsYW5jaWFzJTNDJTJGb3B0aW9uJTNFJTBBJTA5JTA5JTNDJTJGc2VsZWN0JTNFJTNDJTJGdGQlM0UlM0N0ZCUzRSUzQ3NwYW4lM0UlMEElMDklMDklMEElMDklMDklM0MlMkZzcGFuJTNFJTNDJTJGdGQlM0UlMEElMEElMDklM0N0ciUzRSUzQ3RkJTIwJTIwc3R5bGUlM0QlMjdub3dyYXAlM0Fub3dyYXAlM0J0ZXh0LWFsaWduJTNBbGVmdCUzQmZvbnQtc2l6ZSUzQTEycHglM0Jmb250LWZhbWlseSUzQUFyaWFsJTNCd2lkdGglM0EyMDBweCUzQiUyNyUzRU1lbnNhamUlMjAlM0MlMkZ0ZCUzRSUzQ3RkJTNFJTIwJTNDdGV4dGFyZWElMjBuYW1lJTNEJTI3RGVzY3JpcHRpb24lMjclMjBtYXhsZW5ndGglM0QlMjcxMDAwJTI3JTIwc3R5bGUlM0QlMjd3aWR0aCUzQTI1MHB4JTNCJTI3JTNFJTI2bmJzcCUzQiUzQyUyRnRleHRhcmVhJTNFJTNDJTJGdGQlM0UlM0MlMkZ0ciUzRSUwQSUwQSUwOSUzQ3RyJTNFJTNDdGQlMjBzdHlsZSUzRCUyN25vd3JhcCUzQW5vd3JhcCUzQnRleHQtYWxpZ24lM0FsZWZ0JTNCZm9udC1zaXplJTNBMTJweCUzQmZvbnQtZmFtaWx5JTNBQXJpYWwlM0J3aWR0aCUzQTIwMHB4JTNCJTI3JTNFQ2FwdGNoYSUzQyUyRnRkJTNFJTBBJTA5JTIwJTIwJTIwJTIwJTNDdGQlM0UlM0NpbnB1dCUyMHR5cGUlM0QlMjd0ZXh0JTI3JTIwc3R5bGUlM0QlMjd3aWR0aCUzQTI1MHB4JTNCJTI3JTIwbWF4bGVuZ3RoJTNEJTI3ODAlMjclMjBuYW1lJTNEJTI3ZW50ZXJkaWdlc3QlMjclMjAlMkYlM0UlM0MlMkZ0ZCUzRSUwQSUwOSUzQyUyRnRyJTNFJTBBJTBBJTA5JTNDdHIlM0UlM0N0ZCUzRSUzQyUyRnRkJTNFJTBBJTA5JTIwJTNDJTIxLS0lMjBEbyUyMG5vdCUyMHJlbW92ZSUyMHRoaXMlMjBjb2RlLiUyMC0tJTNFJTBBJTA5JTIwJTIwJTIwJTIwJTNDdGQlM0UlM0NpbWclMjBpZCUzRCUyN2ltZ2lkJTI3JTIwc3JjJTNEJTI3aHR0cHMlM0ElMkYlMkZjcm0uem9oby5jb20lMkZjcm0lMkZDYXB0Y2hhU2VydmxldCUzRmZvcm1JZCUzRDY0MzM4OThiYTkzMjcyODVmOThlMmQ5NDliMjhiMjU2MzM2MzI0YjRkNmJhYmZmMGYzYjI4ZmQ0NjUxZjQ4MjUlMjZncnBpZCUzRGMxODk3MjMxN2YwNjFkZGI0NjRmN2RiMDBhNjlkNjJkNDE1YjVkNWRiNWFlOTk5ZjE2NmE2NDZkY2ZkZTA0YzklMjclM0UlMEElMDklMjAlMjAlMjAlMjAlM0NhJTIwaHJlZiUzRCUyN2phdmFzY3JpcHQlM0ElM0IlMjclMjBvbmNsaWNrJTNEJTI3cmVsb2FkSW1nJTI4JTI5JTI3JTNFUmVsb2FkJTNDJTJGYSUzRSUzQyUyRnRkJTNFJTBBJTA5JTNDJTJGdHIlM0UlMEElMEElMDklM0N0ciUzRSUzQ3RkJTIwY29sc3BhbiUzRCUyNzIlMjclMjBzdHlsZSUzRCUyN3RleHQtYWxpZ24lM0FjZW50ZXIlM0IlMjBwYWRkaW5nLXRvcCUzQTE1cHglM0IlMjclM0UlMEElMDklMDklM0NpbnB1dCUyMHN0eWxlJTNEJTI3Zm9udC1zaXplJTNBMjRweCUzQmNvbG9yJTNBJTIzMTMxMzA3JTNCYmFja2dyb3VuZC1jb2xvciUzQSUyMCUyMzRDQUY1MCUzQiUyMCUyRiUyQSUyMEdyZWVuJTIwJTJBJTJGJTIwYm9yZGVyJTNBJTIwbm9uZSUzQiUyMGNvbG9yJTNBJTIwd2hpdGUlM0IlMjBwYWRkaW5nJTNBJTIwOHB4JTIwMzJweCUzQiUyMHRleHQtYWxpZ24lM0ElMjBjZW50ZXIlM0IlMjB0ZXh0LWRlY29yYXRpb24lM0ElMjBub25lJTNCJTIwZm9udC13ZWlnaHQlM0ElMjBib2xkJTNCJTIwZGlzcGxheSUzQSUyMGlubGluZS1ibG9jayUzQm1hcmdpbiUzQSUyMDRweCUyMDEycHglM0IlMjBjdXJzb3IlM0ElMjBwb2ludGVyJTNCJTIwYm9yZGVyLXJhZGl1cyUzQSUyMDhweCUzQiUyN3R5cGUlM0QlMjdzdWJtaXQlMjclMjB2YWx1ZSUzRCUyNyVDMiVBMUhBQkxFTU9TJTIxJTI3JTIwJTJGJTNFJTBBJTA5JTA5JTNDaW5wdXQlMjBzdHlsZSUzRCUyN2ZvbnQtc2l6ZSUzQTEycHglM0Jjb2xvciUzQSUyMzEzMTMwNyUzQiUyRiUyQWJhY2tncm91bmQtY29sb3IlM0ElMjAlMjAlMjAlMjAlMkYlMjAlM0IlMjAlMkYlMkElMjAlMjAlMjAlMjAlMjAlMjAlMjAlMkElMkYlMjBib3JkZXIlM0ElMjBub25lJTNCJTIwY29sb3IlM0ElMjBibGFjayUzQiUyMHBhZGRpbmclM0ElMjA4cHglMjA4JTIwcHglM0IlMjB0ZXh0LWFsaWduJTNBJTIwY2VudGVyJTNCJTIwdGV4dC1kZWNvcmF0aW9uJTNBJTIwbm9uZSUzQiUyMGZvbnQtd2VpZ2h0JTNBJTIwYm9sZCUzQiUyMGRpc3BsYXklM0ElMjBpbmxpbmUtYmxvY2slM0JtYXJnaW4lM0ElMjA0cHglMjAxMnB4JTNCJTIwY3Vyc29yJTNBJTIwcG9pbnRlciUzQiUyMGJvcmRlci1yYWRpdXMlM0ElMjA4cHglM0IlMjd0eXBlJTNEJTI3cmVzZXQlMjclMjB2YWx1ZSUzRCUyN1JlaW5pY2lhbGl6YXIlMjBkYXRvcyUyNyUyMCUyRiUzRSUwQSUwOSUwQSUwQSUwOSUyMCUyMCUyMCUyMCUzQyUyRnRkJTNFJTBBJTA5JTNDJTJGdHIlM0UlMEElMjAlMjAlMjAlM0MlMkZ0YWJsZSUzRSUwQSUwOSUzQ3NjcmlwdCUzRSUwQSUyMCUwOSUyMCUyMHZhciUyMG1uZEZpbGVkcyUzRG5ldyUyMEFycmF5JTI4JTI3Q29tcGFueSUyNyUyQyUyN0ZpcnN0JTIwTmFtZSUyNyUyQyUyN0xhc3QlMjBOYW1lJTI3JTJDJTI3RW1haWwlMjclMkMlMjdQaG9uZSUyNyUyOSUzQiUwQSUyMCUwOSUyMCUyMHZhciUyMGZsZExhbmdWYWwlM0RuZXclMjBBcnJheSUyOCUyN0VtcHJlc2ElMjclMkMlMjdOb21icmUlMjclMkMlMjdBcGVsbGlkb3MlMjclMkMlMjdFbWFpbCUyNyUyQyUyN1RlbCVDMyVBOWZvbm8lMjclMjklM0IlMEElMDklMDl2YXIlMjBuYW1lJTNEJTI3JTI3JTNCJTBBJTA5JTA5dmFyJTIwZW1haWwlM0QlMjclMjclM0IlMEElMEElMjAlMjAlMkYlMkElMjBEbyUyMG5vdCUyMHJlbW92ZSUyMHRoaXMlMjBjb2RlLiUyMCUyQSUyRiUwQSUyMCUwOSUyMCUyMGZ1bmN0aW9uJTIwcmVsb2FkSW1nJTI4JTI5JTIwJTdCJTBBJTA5JTA5aWYlMjhkb2N1bWVudC5nZXRFbGVtZW50QnlJZCUyOCUyN2ltZ2lkJTI3JTI5LnNyYy5pbmRleE9mJTI4JTI3JTI2ZCUyNyUyOSUyMCUyMSUzRCUzRCUyMC0xJTIwJTI5JTIwJTdCJTBBJTIwJTIwJTA5JTIwJTIwJTA5JTIwJTIwZG9jdW1lbnQuZ2V0RWxlbWVudEJ5SWQlMjglMjdpbWdpZCUyNyUyOS5zcmMlM0Rkb2N1bWVudC5nZXRFbGVtZW50QnlJZCUyOCUyN2ltZ2lkJTI3JTI5LnNyYy5zdWJzdHJpbmclMjgwJTJDZG9jdW1lbnQuZ2V0RWxlbWVudEJ5SWQlMjglMjdpbWdpZCUyNyUyOS5zcmMuaW5kZXhPZiUyOCUyNyUyNmQlMjclMjklMjklMkIlMjclMjZkJTI3JTJCbmV3JTIwRGF0ZSUyOCUyOS5nZXRUaW1lJTI4JTI5JTNCJTBBJTA5JTA5JTdEJTIwJTIwZWxzZSUyMCU3QiUwQSUyMCUyMCUwOSUyMCUyMCUwOSUyMCUyMGRvY3VtZW50LmdldEVsZW1lbnRCeUlkJTI4JTI3aW1naWQlMjclMjkuc3JjJTIwJTNEJTIwZG9jdW1lbnQuZ2V0RWxlbWVudEJ5SWQlMjglMjdpbWdpZCUyNyUyOS5zcmMlMkIlMjclMjZkJTI3JTJCbmV3JTIwRGF0ZSUyOCUyOS5nZXRUaW1lJTI4JTI5JTNCJTBBJTA5JTA5JTIwJTdEJTIwJTBBJTIwJTA5JTIwJTdEJTBBJTBBJTIwJTA5JTIwJTIwZnVuY3Rpb24lMjBjaGVja01hbmRhdG9yeSUyOCUyOSUyMCU3QiUwQSUwOSUwOWZvciUyOGklM0QwJTNCaSUzQ21uZEZpbGVkcy5sZW5ndGglM0JpJTJCJTJCJTI5JTIwJTdCJTBBJTA5JTA5JTIwJTIwdmFyJTIwZmllbGRPYmolM0Rkb2N1bWVudC5mb3JtcyU1QiUyN1dlYlRvTGVhZHMyMDkxNTUxMDAwMDAxMDk0MTMzJTI3JTVEJTVCbW5kRmlsZWRzJTVCaSU1RCU1RCUzQiUwQSUwOSUwOSUyMCUyMGlmJTI4ZmllbGRPYmolMjklMjAlN0IlMEElMDklMDklMDlpZiUyMCUyOCUyOCUyOGZpZWxkT2JqLnZhbHVlJTI5LnJlcGxhY2UlMjglMkYlNUUlNUNzJTJCJTdDJTVDcyUyQiUyNCUyRmclMkMlMjAlMjclMjclMjklMjkubGVuZ3RoJTNEJTNEMCUyOSUyMCU3QiUwQSUwOSUwOSUwOSUyMGlmJTI4ZmllbGRPYmoudHlwZSUyMCUzRCUzRCUyN2ZpbGUlMjclMjklMEElMDklMDklMDklMDklN0IlMjAlMEElMDklMDklMDklMDklMjBhbGVydCUyOCUyN1BsZWFzZSUyMHNlbGVjdCUyMGElMjBmaWxlJTIwdG8lMjB1cGxvYWQuJTI3JTI5JTNCJTIwJTBBJTA5JTA5JTA5JTA5JTIwZmllbGRPYmouZm9jdXMlMjglMjklM0IlMjAlMEElMDklMDklMDklMDklMjByZXR1cm4lMjBmYWxzZSUzQiUwQSUwOSUwOSUwOSUwOSU3RCUyMCUwQSUwOSUwOSUwOWFsZXJ0JTI4ZmxkTGFuZ1ZhbCU1QmklNUQlMjAlMkIlMjclMjBjYW5ub3QlMjBiZSUyMGVtcHR5LiUyNyUyOSUzQiUyMCUwQSUyMCUyMCUyMCUwOSUyMCUyMCUyMCUwOSUyMCUyMCUwOSUyMCUyMGZpZWxkT2JqLmZvY3VzJTI4JTI5JTNCJTBBJTIwJTIwJTIwJTA5JTIwJTIwJTIwJTA5JTIwJTIwJTA5JTIwJTIwcmV0dXJuJTIwZmFsc2UlM0IlMEElMDklMDklMDklN0QlMjAlMjBlbHNlJTIwaWYlMjhmaWVsZE9iai5ub2RlTmFtZSUzRCUzRCUyN1NFTEVDVCUyNyUyOSUyMCU3QiUwQSUyMCUyMCUwOSUyMCUyMCUyMCUwOSUyMCUyMCUyMCUwOSUyMGlmJTI4ZmllbGRPYmoub3B0aW9ucyU1QmZpZWxkT2JqLnNlbGVjdGVkSW5kZXglNUQudmFsdWUlM0QlM0QlMjctTm9uZS0lMjclMjklMjAlN0IlMEElMDklMDklMDklMDlhbGVydCUyOGZsZExhbmdWYWwlNUJpJTVEJTIwJTJCJTI3JTIwY2Fubm90JTIwYmUlMjBub25lLiUyNyUyOSUzQiUyMCUwQSUwOSUwOSUwOSUwOWZpZWxkT2JqLmZvY3VzJTI4JTI5JTNCJTBBJTA5JTA5JTA5JTA5cmV0dXJuJTIwZmFsc2UlM0IlMEElMDklMDklMDklMjAlMjAlMjAlN0QlMEElMDklMDklMDklN0QlMjBlbHNlJTIwaWYlMjhmaWVsZE9iai50eXBlJTIwJTNEJTNEJTI3Y2hlY2tib3glMjclMjklN0IlMEElMjAlMDklMjAlMDklMjAlMDklMjBpZiUyOGZpZWxkT2JqLmNoZWNrZWQlMjAlM0QlM0QlMjBmYWxzZSUyOSU3QiUwQSUwOSUwOSUwOSUwOWFsZXJ0JTI4JTI3UGxlYXNlJTIwYWNjZXB0JTIwJTIwJTI3JTJCZmxkTGFuZ1ZhbCU1QmklNUQlMjklM0IlMEElMDklMDklMDklMDlmaWVsZE9iai5mb2N1cyUyOCUyOSUzQiUwQSUwOSUwOSUwOSUwOXJldHVybiUyMGZhbHNlJTNCJTBBJTA5JTA5JTA5JTIwJTIwJTIwJTdEJTIwJTBBJTA5JTA5JTA5JTIwJTdEJTIwJTBBJTA5JTA5JTA5JTIwdHJ5JTIwJTdCJTBBJTA5JTA5JTA5JTIwJTIwJTIwJTIwJTIwaWYlMjhmaWVsZE9iai5uYW1lJTIwJTNEJTNEJTIwJTI3TGFzdCUyME5hbWUlMjclMjklMjAlN0IlMEElMDklMDklMDklMDluYW1lJTIwJTNEJTIwZmllbGRPYmoudmFsdWUlM0IlMEElMjAlMDklMjAlMDklMjAlMDklMjAlMjAlMjAlMjAlN0QlMEElMDklMDklMDklN0QlMjBjYXRjaCUyMCUyOGUlMjklMjAlN0IlN0QlMEElMDklMDklMjAlMjAlMjAlMjAlN0QlMEElMDklMDklN0QlMEElMDklMjAlMjAlMjAlMjAlMjAlN0QlMEElMDklMjAlMjAlMjAlMEElM0MlMkZzY3JpcHQlM0UlMEElMDklM0MlMkZmb3JtJTNFJTBBJTIwJTIwJTNDJTIxLS0lMjBEbyUyMG5vdCUyMHJlbW92ZSUyMHRoaXMlMjBjb2RlLiUyMC0tJTNFJTBBJTIwJTIwJTIwJTIwJTIwJTNDaWZyYW1lJTIwbmFtZSUzRCUyN2NhcHRjaGFGcmFtZSUyNyUyMHN0eWxlJTNEJTI3ZGlzcGxheSUzQW5vbmUlM0IlMjclM0UlM0MlMkZpZnJhbWUlM0UlMEElM0MlMkZkaXYlM0U=[\/vc_raw_html][\/vc_column_inner][\/vc_row_inner][\/vc_column][\/vc_row]<\/p>\n","protected":false},"excerpt":{"rendered":"<p>[vc_row full_height=&#8221;full_row_height&#8221; equal_height=&#8221;yes&#8221; v_position=&#8221;top&#8221; css=&#8221;.vc_custom_1508688669228{background-image: url(http:\/\/globalroom.org\/wp-content\/uploads\/2017\/10\/Quir\u00f2fanlogo.jpg?id=5692) !important;background-position: center !important;background-repeat: no-repeat !important;background-size: cover !important;}&#8221;][vc_column width=&#8221;2\/3&#8243; css=&#8221;.vc_custom_1508519805607{margin-right: 40px !important;}&#8221;][vc_empty_space height=&#8221;270&#8243;][vc_row_inner][vc_column_inner][vc_cta h2=&#8221;&#8221; css=&#8221;.vc_custom_1508524513960{margin-top: 30px !important;background-color: rgba(255,255,255,0.74) !important;*background-color: rgb(255,255,255) !important;}&#8221;] En este quir\u00f3fano caben 400 alumnos [\/vc_cta][\/vc_column_inner][\/vc_row_inner][rowshape type=&#8221;rowshape_6&#8243; position=&#8221;bottom&#8221; color=&#8221;#1e73be&#8221;][\/vc_column][vc_column width=&#8221;1\/3&#8243; css=&#8221;.vc_custom_1508516206911{margin-top: 300px !important;}&#8221;][\/vc_column][\/vc_row][vc_row css=&#8221;.vc_custom_1508521904450{background-color: #1e73be !important;}&#8221;][vc_column][vc_row_inner][vc_column_inner width=&#8221;2\/3&#8243;][vc_cta h2=&#8221;&#8221; css=&#8221;.vc_custom_1508754032796{background-color: rgba(255,255,255,0.78) !important;*background-color: rgb(255,255,255) !important;}&#8221;] 400 alumnos \u00f3 400.000! Un<a class=\"read-more\" href=\"https:\/\/globalroom.org\/ca\/medical-imaging3-landing\/\">Continue reading <i class=\"fa fa-angle-right fa-lg\"><\/i><\/a><\/p>\n","protected":false},"author":2,"featured_media":5692,"parent":0,"menu_order":0,"comment_status":"closed","ping_status":"closed","template":"","meta":{"_monsterinsights_skip_tracking":false,"_monsterinsights_sitenote_active":false,"_monsterinsights_sitenote_note":"","_monsterinsights_sitenote_category":0},"translation":{"provider":"WPGlobus","version":"2.7.3","language":"ca","enabled_languages":["es","ca"],"languages":{"es":{"title":true,"content":true,"excerpt":false},"ca":{"title":false,"content":false,"excerpt":false}}},"_links":{"self":[{"href":"https:\/\/globalroom.org\/ca\/wp-json\/wp\/v2\/pages\/5683"}],"collection":[{"href":"https:\/\/globalroom.org\/ca\/wp-json\/wp\/v2\/pages"}],"about":[{"href":"https:\/\/globalroom.org\/ca\/wp-json\/wp\/v2\/types\/page"}],"author":[{"embeddable":true,"href":"https:\/\/globalroom.org\/ca\/wp-json\/wp\/v2\/users\/2"}],"replies":[{"embeddable":true,"href":"https:\/\/globalroom.org\/ca\/wp-json\/wp\/v2\/comments?post=5683"}],"version-history":[{"count":9,"href":"https:\/\/globalroom.org\/ca\/wp-json\/wp\/v2\/pages\/5683\/revisions"}],"predecessor-version":[{"id":6069,"href":"https:\/\/globalroom.org\/ca\/wp-json\/wp\/v2\/pages\/5683\/revisions\/6069"}],"wp:featuredmedia":[{"embeddable":true,"href":"https:\/\/globalroom.org\/ca\/wp-json\/wp\/v2\/media\/5692"}],"wp:attachment":[{"href":"https:\/\/globalroom.org\/ca\/wp-json\/wp\/v2\/media?parent=5683"}],"curies":[{"name":"wp","href":"https:\/\/api.w.org\/{rel}","templated":true}]}}